{"id":9,"date":"2026-04-29T11:54:24","date_gmt":"2026-04-29T11:54:24","guid":{"rendered":"https:\/\/montajeshicham.rkinformatika.online\/?page_id=9"},"modified":"2026-05-04T08:56:09","modified_gmt":"2026-05-04T08:56:09","slug":"inicio","status":"publish","type":"page","link":"https:\/\/montajeshicham.es\/eu\/","title":{"rendered":"Inicio"},"content":{"rendered":"<div data-elementor-type=\"wp-page\" data-elementor-id=\"9\" class=\"elementor elementor-9\" data-elementor-post-type=\"page\">\n\t\t\t\t<div class=\"elementor-element elementor-element-3d9dcc4a e-con-full e-flex e-con e-parent\" data-id=\"3d9dcc4a\" data-element_type=\"container\" data-e-type=\"container\" data-settings=\"{&quot;background_background&quot;:&quot;classic&quot;}\">\n\t\t<div class=\"elementor-element elementor-element-40545f90 e-con-full e-flex e-con e-child\" data-id=\"40545f90\" data-element_type=\"container\" data-e-type=\"container\" data-settings=\"{&quot;background_background&quot;:&quot;classic&quot;}\">\n\t\t\t\t<div class=\"elementor-element elementor-element-498a1b6a elementor-widget elementor-widget-heading\" data-id=\"498a1b6a\" data-element_type=\"widget\" data-e-type=\"widget\" data-widget_type=\"heading.default\">\n\t\t\t\t\t<h2 class=\"elementor-heading-title elementor-size-default\">EXPERTOS EN ENVOLVENTES ARQUITECT\u00d3NICAS<\/h2>\t\t\t\t<\/div>\n\t\t\t\t<div class=\"elementor-element elementor-element-6fd7067d elementor-widget elementor-widget-heading\" data-id=\"6fd7067d\" data-element_type=\"widget\" data-e-type=\"widget\" data-widget_type=\"heading.default\">\n\t\t\t\t\t<h2 class=\"elementor-heading-title elementor-size-default\">MONTAJE PROFESIONAL DE FACHADAS Y ALUMINIO<\/h2>\t\t\t\t<\/div>\n\t\t\t\t<div class=\"elementor-element elementor-element-462455d2 elementor-widget elementor-widget-text-editor\" data-id=\"462455d2\" data-element_type=\"widget\" data-e-type=\"widget\" data-widget_type=\"text-editor.default\">\n\t\t\t\t\t\t\t\t\t<p>Especialistas en la instalaci\u00f3n de paneles composite y sistemas de aluminio de alta gama. Llevamos 17 a\u00f1os transformando exteriores con acabados t\u00e9cnicos precisos, garantizando una ejecuci\u00f3n impecable en cada obra.<\/p>\t\t\t\t\t\t\t\t<\/div>\n\t\t\t\t<div class=\"elementor-element elementor-element-59173dca elementor-align-center elementor-widget elementor-widget-button\" data-id=\"59173dca\" data-element_type=\"widget\" data-e-type=\"widget\" data-widget_type=\"button.default\">\n\t\t\t\t\t\t\t\t\t\t<a class=\"elementor-button elementor-button-link elementor-size-lg elementor-animation-grow\" href=\"https:\/\/montajeshicham.es\/eu\/contacto\/\">\n\t\t\t\t\t\t<span class=\"elementor-button-content-wrapper\">\n\t\t\t\t\t\t\t\t\t<span class=\"elementor-button-text\">SOLICITAR PRESUPUESTO<\/span>\n\t\t\t\t\t<\/span>\n\t\t\t\t\t<\/a>\n\t\t\t\t\t\t\t\t<\/div>\n\t\t\t\t<\/div>\n\t\t<div class=\"elementor-element elementor-element-27ed3b82 e-con-full e-flex e-con e-child\" data-id=\"27ed3b82\" data-element_type=\"container\" data-e-type=\"container\" data-settings=\"{&quot;background_background&quot;:&quot;classic&quot;}\">\n\t\t\t\t<\/div>\n\t\t\t\t<\/div>\n\t\t<div class=\"elementor-element elementor-element-2195d32 e-flex e-con-boxed e-con e-parent\" data-id=\"2195d32\" data-element_type=\"container\" data-e-type=\"container\" data-settings=\"{&quot;background_background&quot;:&quot;classic&quot;}\">\n\t\t\t\t\t<div class=\"e-con-inner\">\n\t\t<div class=\"elementor-element elementor-element-fa939ca e-con-full e-flex e-con e-child\" data-id=\"fa939ca\" data-element_type=\"container\" data-e-type=\"container\">\n\t\t\t\t<div class=\"elementor-element elementor-element-01bc17d elementor-widget elementor-widget-image\" data-id=\"01bc17d\" data-element_type=\"widget\" data-e-type=\"widget\" data-widget_type=\"image.default\">\n\t\t\t\t\t\t\t\t\t\t\t\t\t\t\t<img fetchpriority=\"high\" decoding=\"async\" width=\"800\" height=\"487\" src=\"https:\/\/montajeshicham.es\/wp-content\/uploads\/2026\/04\/metal-grinding-with-bright-stream-of-sparks-2026-03-17-05-06-38-utc-1024x623.jpg\" class=\"attachment-large size-large wp-image-321\" alt=\"\" srcset=\"https:\/\/montajeshicham.es\/wp-content\/uploads\/2026\/04\/metal-grinding-with-bright-stream-of-sparks-2026-03-17-05-06-38-utc-1024x623.jpg 1024w, https:\/\/montajeshicham.es\/wp-content\/uploads\/2026\/04\/metal-grinding-with-bright-stream-of-sparks-2026-03-17-05-06-38-utc-300x182.jpg 300w, https:\/\/montajeshicham.es\/wp-content\/uploads\/2026\/04\/metal-grinding-with-bright-stream-of-sparks-2026-03-17-05-06-38-utc-768x467.jpg 768w, https:\/\/montajeshicham.es\/wp-content\/uploads\/2026\/04\/metal-grinding-with-bright-stream-of-sparks-2026-03-17-05-06-38-utc-1536x934.jpg 1536w, https:\/\/montajeshicham.es\/wp-content\/uploads\/2026\/04\/metal-grinding-with-bright-stream-of-sparks-2026-03-17-05-06-38-utc-2048x1245.jpg 2048w, https:\/\/montajeshicham.es\/wp-content\/uploads\/2026\/04\/metal-grinding-with-bright-stream-of-sparks-2026-03-17-05-06-38-utc-18x12.jpg 18w\" sizes=\"(max-width: 800px) 100vw, 800px\" \/>\t\t\t\t\t\t\t\t\t\t\t\t\t\t\t<\/div>\n\t\t\t\t<\/div>\n\t\t<div class=\"elementor-element elementor-element-3aec9f2 e-con-full e-flex e-con e-child\" data-id=\"3aec9f2\" data-element_type=\"container\" data-e-type=\"container\">\n\t\t\t\t<div class=\"elementor-element elementor-element-38d76b5 elementor-widget elementor-widget-heading\" data-id=\"38d76b5\" data-element_type=\"widget\" data-e-type=\"widget\" data-widget_type=\"heading.default\">\n\t\t\t\t\t<h2 class=\"elementor-heading-title elementor-size-default\">Nuestra Historia<\/h2>\t\t\t\t<\/div>\n\t\t\t\t<div class=\"elementor-element elementor-element-2ac9c1c elementor-widget elementor-widget-text-editor\" data-id=\"2ac9c1c\" data-element_type=\"widget\" data-e-type=\"widget\" data-widget_type=\"text-editor.default\">\n\t\t\t\t\t\t\t\t\t<p>Con 17 a\u00f1os de experiencia a pie de obra, en Hicham El Baji nos hemos especializado en lo que mejor sabemos hacer: el montaje de precisi\u00f3n. No somos solo instaladores; somos expertos en el manejo de materiales avanzados como el panel composite y sistemas de fachada de aluminio. Casi dos d\u00e9cadas trabajando con las principales constructoras nos avalan como un aliado fiable para dar el acabado final perfecto a cualquier proyecto arquitect\u00f3nico.<\/p>\t\t\t\t\t\t\t\t<\/div>\n\t\t\t\t<\/div>\n\t\t\t\t\t<\/div>\n\t\t\t\t<\/div>\n\t\t<div class=\"elementor-element elementor-element-10ff22f e-flex e-con-boxed e-con e-parent\" data-id=\"10ff22f\" data-element_type=\"container\" data-e-type=\"container\" data-settings=\"{&quot;background_background&quot;:&quot;classic&quot;}\">\n\t\t\t\t\t<div class=\"e-con-inner\">\n\t\t\t\t<div class=\"elementor-element elementor-element-de3e9d0 elementor-widget elementor-widget-heading\" data-id=\"de3e9d0\" data-element_type=\"widget\" data-e-type=\"widget\" data-widget_type=\"heading.default\">\n\t\t\t\t\t<h2 class=\"elementor-heading-title elementor-size-default\">\u00bfQuieres ver mas en detalle?<\/h2>\t\t\t\t<\/div>\n\t\t\t\t<div class=\"elementor-element elementor-element-15f5589 elementor-widget elementor-widget-button\" data-id=\"15f5589\" data-element_type=\"widget\" data-e-type=\"widget\" data-widget_type=\"button.default\">\n\t\t\t\t\t\t\t\t\t\t<a class=\"elementor-button elementor-button-link elementor-size-sm\" href=\"https:\/\/montajeshicham.es\/eu\/servicio\/\">\n\t\t\t\t\t\t<span class=\"elementor-button-content-wrapper\">\n\t\t\t\t\t\t\t\t\t<span class=\"elementor-button-text\">Mas Servicios<\/span>\n\t\t\t\t\t<\/span>\n\t\t\t\t\t<\/a>\n\t\t\t\t\t\t\t\t<\/div>\n\t\t\t\t\t<\/div>\n\t\t\t\t<\/div>\n\t\t\t\t<\/div>","protected":false},"excerpt":{"rendered":"<p>EXPERTOS EN ENVOLVENTES ARQUITECT\u00d3NICAS MONTAJE PROFESIONAL DE FACHADAS Y ALUMINIO Especialistas en la instalaci\u00f3n de paneles composite y sistemas de aluminio de alta gama. Llevamos 17 a\u00f1os transformando exteriores con acabados t\u00e9cnicos precisos, garantizando una ejecuci\u00f3n impecable en cada obra. SOLICITAR PRESUPUESTO Nuestra Historia Con 17 a\u00f1os de experiencia a pie de obra, en Hicham [&hellip;]<\/p>\n","protected":false},"author":1,"featured_media":0,"parent":0,"menu_order":0,"comment_status":"closed","ping_status":"closed","template":"elementor_canvas","meta":{"footnotes":""},"class_list":["post-9","page","type-page","status-publish","hentry"],"yoast_head":"<!-- This site is optimized with the Yoast SEO plugin v27.5 - https:\/\/yoast.com\/product\/yoast-seo-wordpress\/ -->\n<title>Inicio - Montajes hicham<\/title>\n<meta name=\"robots\" content=\"index, follow, max-snippet:-1, max-image-preview:large, max-video-preview:-1\" \/>\n<link rel=\"canonical\" href=\"https:\/\/montajeshicham.es\/eu\/\" \/>\n<meta property=\"og:locale\" content=\"en_US\" \/>\n<meta property=\"og:type\" content=\"article\" \/>\n<meta property=\"og:title\" content=\"Inicio - Montajes hicham\" \/>\n<meta property=\"og:description\" content=\"EXPERTOS EN ENVOLVENTES ARQUITECT\u00d3NICAS MONTAJE PROFESIONAL DE FACHADAS Y ALUMINIO Especialistas en la instalaci\u00f3n de paneles composite y sistemas de aluminio de alta gama. Llevamos 17 a\u00f1os transformando exteriores con acabados t\u00e9cnicos precisos, garantizando una ejecuci\u00f3n impecable en cada obra. SOLICITAR PRESUPUESTO Nuestra Historia Con 17 a\u00f1os de experiencia a pie de obra, en Hicham [&hellip;]\" \/>\n<meta property=\"og:url\" content=\"https:\/\/montajeshicham.es\/eu\/\" \/>\n<meta property=\"og:site_name\" content=\"Montajes hicham\" \/>\n<meta property=\"article:modified_time\" content=\"2026-05-04T08:56:09+00:00\" \/>\n<meta property=\"og:image\" content=\"https:\/\/montajeshicham.es\/wp-content\/uploads\/2026\/04\/metal-grinding-with-bright-stream-of-sparks-2026-03-17-05-06-38-utc-scaled.jpg\" \/>\n\t<meta property=\"og:image:width\" content=\"2560\" \/>\n\t<meta property=\"og:image:height\" content=\"1556\" \/>\n\t<meta property=\"og:image:type\" content=\"image\/jpeg\" \/>\n<meta name=\"twitter:card\" content=\"summary_large_image\" \/>\n<meta name=\"twitter:label1\" content=\"Est. reading time\" \/>\n\t<meta name=\"twitter:data1\" content=\"1 minutua\" \/>\n<script type=\"application\/ld+json\" class=\"yoast-schema-graph\">{\"@context\":\"https:\\\/\\\/schema.org\",\"@graph\":[{\"@type\":\"WebPage\",\"@id\":\"https:\\\/\\\/montajeshicham.es\\\/\",\"url\":\"https:\\\/\\\/montajeshicham.es\\\/\",\"name\":\"Inicio - Montajes hicham\",\"isPartOf\":{\"@id\":\"https:\\\/\\\/montajeshicham.es\\\/#website\"},\"primaryImageOfPage\":{\"@id\":\"https:\\\/\\\/montajeshicham.es\\\/#primaryimage\"},\"image\":{\"@id\":\"https:\\\/\\\/montajeshicham.es\\\/#primaryimage\"},\"thumbnailUrl\":\"https:\\\/\\\/montajeshicham.es\\\/wp-content\\\/uploads\\\/2026\\\/04\\\/metal-grinding-with-bright-stream-of-sparks-2026-03-17-05-06-38-utc-1024x623.jpg\",\"datePublished\":\"2026-04-29T11:54:24+00:00\",\"dateModified\":\"2026-05-04T08:56:09+00:00\",\"breadcrumb\":{\"@id\":\"https:\\\/\\\/montajeshicham.es\\\/#breadcrumb\"},\"inLanguage\":\"eu\",\"potentialAction\":[{\"@type\":\"ReadAction\",\"target\":[\"https:\\\/\\\/montajeshicham.es\\\/\"]}]},{\"@type\":\"ImageObject\",\"inLanguage\":\"eu\",\"@id\":\"https:\\\/\\\/montajeshicham.es\\\/#primaryimage\",\"url\":\"https:\\\/\\\/montajeshicham.es\\\/wp-content\\\/uploads\\\/2026\\\/04\\\/metal-grinding-with-bright-stream-of-sparks-2026-03-17-05-06-38-utc-1024x623.jpg\",\"contentUrl\":\"https:\\\/\\\/montajeshicham.es\\\/wp-content\\\/uploads\\\/2026\\\/04\\\/metal-grinding-with-bright-stream-of-sparks-2026-03-17-05-06-38-utc-1024x623.jpg\"},{\"@type\":\"BreadcrumbList\",\"@id\":\"https:\\\/\\\/montajeshicham.es\\\/#breadcrumb\",\"itemListElement\":[{\"@type\":\"ListItem\",\"position\":1,\"name\":\"Portada\",\"item\":\"https:\\\/\\\/montajeshicham.es\\\/\"},{\"@type\":\"ListItem\",\"position\":2,\"name\":\"Inicio\"}]},{\"@type\":\"WebSite\",\"@id\":\"https:\\\/\\\/montajeshicham.es\\\/#website\",\"url\":\"https:\\\/\\\/montajeshicham.es\\\/\",\"name\":\"Montajes hicham\",\"description\":\"\",\"publisher\":{\"@id\":\"https:\\\/\\\/montajeshicham.es\\\/#organization\"},\"potentialAction\":[{\"@type\":\"SearchAction\",\"target\":{\"@type\":\"EntryPoint\",\"urlTemplate\":\"https:\\\/\\\/montajeshicham.es\\\/?s={search_term_string}\"},\"query-input\":{\"@type\":\"PropertyValueSpecification\",\"valueRequired\":true,\"valueName\":\"search_term_string\"}}],\"inLanguage\":\"eu\"},{\"@type\":\"Organization\",\"@id\":\"https:\\\/\\\/montajeshicham.es\\\/#organization\",\"name\":\"Montajes hicham\",\"url\":\"https:\\\/\\\/montajeshicham.es\\\/\",\"logo\":{\"@type\":\"ImageObject\",\"inLanguage\":\"eu\",\"@id\":\"https:\\\/\\\/montajeshicham.es\\\/#\\\/schema\\\/logo\\\/image\\\/\",\"url\":\"https:\\\/\\\/montajeshicham.es\\\/wp-content\\\/uploads\\\/2026\\\/04\\\/cropped-Diseno-sin-titulo-1.png\",\"contentUrl\":\"https:\\\/\\\/montajeshicham.es\\\/wp-content\\\/uploads\\\/2026\\\/04\\\/cropped-Diseno-sin-titulo-1.png\",\"width\":1997,\"height\":859,\"caption\":\"Montajes hicham\"},\"image\":{\"@id\":\"https:\\\/\\\/montajeshicham.es\\\/#\\\/schema\\\/logo\\\/image\\\/\"}}]}<\/script>\n<!-- \/ Yoast SEO plugin. -->","yoast_head_json":{"title":"Inicio - Montajes hicham","robots":{"index":"index","follow":"follow","max-snippet":"max-snippet:-1","max-image-preview":"max-image-preview:large","max-video-preview":"max-video-preview:-1"},"canonical":"https:\/\/montajeshicham.es\/eu\/","og_locale":"en_US","og_type":"article","og_title":"Inicio - Montajes hicham","og_description":"EXPERTOS EN ENVOLVENTES ARQUITECT\u00d3NICAS MONTAJE PROFESIONAL DE FACHADAS Y ALUMINIO Especialistas en la instalaci\u00f3n de paneles composite y sistemas de aluminio de alta gama. Llevamos 17 a\u00f1os transformando exteriores con acabados t\u00e9cnicos precisos, garantizando una ejecuci\u00f3n impecable en cada obra. SOLICITAR PRESUPUESTO Nuestra Historia Con 17 a\u00f1os de experiencia a pie de obra, en Hicham [&hellip;]","og_url":"https:\/\/montajeshicham.es\/eu\/","og_site_name":"Montajes hicham","article_modified_time":"2026-05-04T08:56:09+00:00","og_image":[{"width":2560,"height":1556,"url":"https:\/\/montajeshicham.es\/wp-content\/uploads\/2026\/04\/metal-grinding-with-bright-stream-of-sparks-2026-03-17-05-06-38-utc-scaled.jpg","type":"image\/jpeg"}],"twitter_card":"summary_large_image","twitter_misc":{"Est. reading time":"1 minutua"},"schema":{"@context":"https:\/\/schema.org","@graph":[{"@type":"WebPage","@id":"https:\/\/montajeshicham.es\/","url":"https:\/\/montajeshicham.es\/","name":"Inicio - Montajes hicham","isPartOf":{"@id":"https:\/\/montajeshicham.es\/#website"},"primaryImageOfPage":{"@id":"https:\/\/montajeshicham.es\/#primaryimage"},"image":{"@id":"https:\/\/montajeshicham.es\/#primaryimage"},"thumbnailUrl":"https:\/\/montajeshicham.es\/wp-content\/uploads\/2026\/04\/metal-grinding-with-bright-stream-of-sparks-2026-03-17-05-06-38-utc-1024x623.jpg","datePublished":"2026-04-29T11:54:24+00:00","dateModified":"2026-05-04T08:56:09+00:00","breadcrumb":{"@id":"https:\/\/montajeshicham.es\/#breadcrumb"},"inLanguage":"eu","potentialAction":[{"@type":"ReadAction","target":["https:\/\/montajeshicham.es\/"]}]},{"@type":"ImageObject","inLanguage":"eu","@id":"https:\/\/montajeshicham.es\/#primaryimage","url":"https:\/\/montajeshicham.es\/wp-content\/uploads\/2026\/04\/metal-grinding-with-bright-stream-of-sparks-2026-03-17-05-06-38-utc-1024x623.jpg","contentUrl":"https:\/\/montajeshicham.es\/wp-content\/uploads\/2026\/04\/metal-grinding-with-bright-stream-of-sparks-2026-03-17-05-06-38-utc-1024x623.jpg"},{"@type":"BreadcrumbList","@id":"https:\/\/montajeshicham.es\/#breadcrumb","itemListElement":[{"@type":"ListItem","position":1,"name":"Portada","item":"https:\/\/montajeshicham.es\/"},{"@type":"ListItem","position":2,"name":"Inicio"}]},{"@type":"WebSite","@id":"https:\/\/montajeshicham.es\/#website","url":"https:\/\/montajeshicham.es\/","name":"Montajes hicham","description":"","publisher":{"@id":"https:\/\/montajeshicham.es\/#organization"},"potentialAction":[{"@type":"SearchAction","target":{"@type":"EntryPoint","urlTemplate":"https:\/\/montajeshicham.es\/?s={search_term_string}"},"query-input":{"@type":"PropertyValueSpecification","valueRequired":true,"valueName":"search_term_string"}}],"inLanguage":"eu"},{"@type":"Organization","@id":"https:\/\/montajeshicham.es\/#organization","name":"Montajes hicham","url":"https:\/\/montajeshicham.es\/","logo":{"@type":"ImageObject","inLanguage":"eu","@id":"https:\/\/montajeshicham.es\/#\/schema\/logo\/image\/","url":"https:\/\/montajeshicham.es\/wp-content\/uploads\/2026\/04\/cropped-Diseno-sin-titulo-1.png","contentUrl":"https:\/\/montajeshicham.es\/wp-content\/uploads\/2026\/04\/cropped-Diseno-sin-titulo-1.png","width":1997,"height":859,"caption":"Montajes hicham"},"image":{"@id":"https:\/\/montajeshicham.es\/#\/schema\/logo\/image\/"}}]}},"_links":{"self":[{"href":"https:\/\/montajeshicham.es\/eu\/wp-json\/wp\/v2\/pages\/9","targetHints":{"allow":["GET"]}}],"collection":[{"href":"https:\/\/montajeshicham.es\/eu\/wp-json\/wp\/v2\/pages"}],"about":[{"href":"https:\/\/montajeshicham.es\/eu\/wp-json\/wp\/v2\/types\/page"}],"author":[{"embeddable":true,"href":"https:\/\/montajeshicham.es\/eu\/wp-json\/wp\/v2\/users\/1"}],"replies":[{"embeddable":true,"href":"https:\/\/montajeshicham.es\/eu\/wp-json\/wp\/v2\/comments?post=9"}],"version-history":[{"count":70,"href":"https:\/\/montajeshicham.es\/eu\/wp-json\/wp\/v2\/pages\/9\/revisions"}],"predecessor-version":[{"id":370,"href":"https:\/\/montajeshicham.es\/eu\/wp-json\/wp\/v2\/pages\/9\/revisions\/370"}],"wp:attachment":[{"href":"https:\/\/montajeshicham.es\/eu\/wp-json\/wp\/v2\/media?parent=9"}],"curies":[{"name":"wp","href":"https:\/\/api.w.org\/{rel}","templated":true}]}}