{"id":13,"date":"2026-04-29T11:56:06","date_gmt":"2026-04-29T11:56:06","guid":{"rendered":"https:\/\/montajeshicham.rkinformatika.online\/?page_id=13"},"modified":"2026-05-04T08:58:37","modified_gmt":"2026-05-04T08:58:37","slug":"servicio","status":"publish","type":"page","link":"https:\/\/montajeshicham.es\/eu\/servicio\/","title":{"rendered":"Servicio"},"content":{"rendered":"<div data-elementor-type=\"wp-page\" data-elementor-id=\"13\" class=\"elementor elementor-13\" data-elementor-post-type=\"page\">\n\t\t\t\t<div class=\"elementor-element elementor-element-2ad15647 e-flex e-con-boxed e-con e-parent\" data-id=\"2ad15647\" data-element_type=\"container\" data-e-type=\"container\" data-settings=\"{&quot;background_background&quot;:&quot;classic&quot;}\">\n\t\t\t\t\t<div class=\"e-con-inner\">\n\t\t<div class=\"elementor-element elementor-element-6ca2dc83 e-con-full e-flex e-con e-child\" data-id=\"6ca2dc83\" data-element_type=\"container\" data-e-type=\"container\">\n\t\t\t\t<div class=\"elementor-element elementor-element-5f9851d4 animated-slow elementor-invisible elementor-widget elementor-widget-heading\" data-id=\"5f9851d4\" data-element_type=\"widget\" data-e-type=\"widget\" data-settings=\"{&quot;_animation&quot;:&quot;slideInUp&quot;}\" data-widget_type=\"heading.default\">\n\t\t\t\t\t<h2 class=\"elementor-heading-title elementor-size-default\">Experiencia y precisi\u00f3n en metal<\/h2>\t\t\t\t<\/div>\n\t\t\t\t<div class=\"elementor-element elementor-element-f08181c animated-slow elementor-invisible elementor-widget elementor-widget-heading\" data-id=\"f08181c\" data-element_type=\"widget\" data-e-type=\"widget\" data-settings=\"{&quot;_animation&quot;:&quot;slideInUp&quot;}\" data-widget_type=\"heading.default\">\n\t\t\t\t\t<h2 class=\"elementor-heading-title elementor-size-default\">NUESTROS SERVICIOS<\/h2>\t\t\t\t<\/div>\n\t\t\t\t<\/div>\n\t\t<div class=\"elementor-element elementor-element-496866bb e-con-full e-flex e-con e-child\" data-id=\"496866bb\" data-element_type=\"container\" data-e-type=\"container\">\n\t\t<div class=\"elementor-element elementor-element-26c26f77 animated-slow e-con-full e-flex elementor-invisible e-con e-child\" data-id=\"26c26f77\" data-element_type=\"container\" data-e-type=\"container\" data-settings=\"{&quot;animation&quot;:&quot;fadeInUp&quot;,&quot;animation_delay&quot;:150}\">\n\t\t\t\t<div class=\"elementor-element elementor-element-99e5a71 elementor-cta--layout-image-above elementor-cta--valign-bottom elementor-cta--skin-classic elementor-animated-content elementor-bg-transform elementor-bg-transform-zoom-in elementor-widget elementor-widget-call-to-action\" data-id=\"99e5a71\" data-element_type=\"widget\" data-e-type=\"widget\" data-widget_type=\"call-to-action.default\">\n\t\t\t\t\t\t\t<div class=\"elementor-cta\">\n\t\t\t\t\t<div class=\"elementor-cta__bg-wrapper\">\n\t\t\t\t<div class=\"elementor-cta__bg elementor-bg\" style=\"background-image: url(https:\/\/montajeshicham.es\/wp-content\/uploads\/2026\/05\/WhatsApp-Image-2026-05-04-at-10.41.01.jpeg);\" role=\"img\" aria-label=\"WhatsApp Image 2026-05-04 at 10.41.01\"><\/div>\n\t\t\t\t<div class=\"elementor-cta__bg-overlay\"><\/div>\n\t\t\t<\/div>\n\t\t\t\t\t\t\t<div class=\"elementor-cta__content\">\n\t\t\t\t\n\t\t\t\t\t\t\t\t\t<h2 class=\"elementor-cta__title elementor-cta__content-item elementor-content-item\">\n\t\t\t\t\t\tMONTAJE DE BARANDILLAS\t\t\t\t\t<\/h2>\n\t\t\t\t\n\t\t\t\t\n\t\t\t\t\t\t\t<\/div>\n\t\t\t\t\t\t<\/div>\n\t\t\t\t\t\t<\/div>\n\t\t\t\t<div class=\"elementor-element elementor-element-17c83ba4 elementor-widget__width-initial animated-slow elementor-invisible elementor-widget elementor-widget-spacer\" data-id=\"17c83ba4\" data-element_type=\"widget\" data-e-type=\"widget\" data-settings=\"{&quot;_animation&quot;:&quot;rotateInDownLeft&quot;}\" data-widget_type=\"spacer.default\">\n\t\t\t\t\t\t\t<div class=\"elementor-spacer\">\n\t\t\t<div class=\"elementor-spacer-inner\"><\/div>\n\t\t<\/div>\n\t\t\t\t\t\t<\/div>\n\t\t\t\t<div class=\"elementor-element elementor-element-67156bb1 elementor-cta--layout-image-above elementor-cta--skin-classic elementor-animated-content elementor-bg-transform elementor-bg-transform-zoom-in elementor-widget elementor-widget-call-to-action\" data-id=\"67156bb1\" data-element_type=\"widget\" data-e-type=\"widget\" data-widget_type=\"call-to-action.default\">\n\t\t\t\t\t\t\t<div class=\"elementor-cta\">\n\t\t\t\t\t\t\t<div class=\"elementor-cta__content\">\n\t\t\t\t\n\t\t\t\t\n\t\t\t\t\t\t\t\t\t<div class=\"elementor-cta__description elementor-cta__content-item elementor-content-item\">\n\t\t\t\t\t\tInstalaci\u00f3n especializada de sistemas de barandillas de aluminio y cristal. Nos centramos en la ejecuci\u00f3n t\u00e9cnica en obra, garantizando anclajes seguros y niveles perfectos para proyectos residenciales y comerciales.\t\t\t\t\t<\/div>\n\t\t\t\t\n\t\t\t\t\t\t\t<\/div>\n\t\t\t\t\t\t<\/div>\n\t\t\t\t\t\t<\/div>\n\t\t\t\t<\/div>\n\t\t<div class=\"elementor-element elementor-element-6c03132f animated-slow e-con-full e-flex elementor-invisible e-con e-child\" data-id=\"6c03132f\" data-element_type=\"container\" data-e-type=\"container\" data-settings=\"{&quot;animation&quot;:&quot;fadeInUp&quot;,&quot;animation_delay&quot;:150}\">\n\t\t\t\t<div class=\"elementor-element elementor-element-372e029e elementor-cta--layout-image-above elementor-cta--valign-bottom elementor-cta--skin-classic elementor-animated-content elementor-bg-transform elementor-bg-transform-zoom-in elementor-widget elementor-widget-call-to-action\" data-id=\"372e029e\" data-element_type=\"widget\" data-e-type=\"widget\" data-widget_type=\"call-to-action.default\">\n\t\t\t\t\t\t\t<div class=\"elementor-cta\">\n\t\t\t\t\t<div class=\"elementor-cta__bg-wrapper\">\n\t\t\t\t<div class=\"elementor-cta__bg elementor-bg\" style=\"background-image: url(https:\/\/montajeshicham.es\/wp-content\/uploads\/2026\/04\/7a87e377-6144-4cdf-9ceb-793cad584e4c-2026-04-29-1024x778.jpeg);\" role=\"img\" aria-label=\"7a87e377-6144-4cdf-9ceb-793cad584e4c-2026-04-29\"><\/div>\n\t\t\t\t<div class=\"elementor-cta__bg-overlay\"><\/div>\n\t\t\t<\/div>\n\t\t\t\t\t\t\t<div class=\"elementor-cta__content\">\n\t\t\t\t\n\t\t\t\t\t\t\t\t\t<h2 class=\"elementor-cta__title elementor-cta__content-item elementor-content-item\">\n\t\t\t\t\t\tCRISTALES\t\t\t\t\t<\/h2>\n\t\t\t\t\n\t\t\t\t\n\t\t\t\t\t\t\t<\/div>\n\t\t\t\t\t\t<\/div>\n\t\t\t\t\t\t<\/div>\n\t\t\t\t<div class=\"elementor-element elementor-element-740382fd elementor-widget__width-initial animated-slow elementor-invisible elementor-widget elementor-widget-spacer\" data-id=\"740382fd\" data-element_type=\"widget\" data-e-type=\"widget\" data-settings=\"{&quot;_animation&quot;:&quot;rotateInDownLeft&quot;}\" data-widget_type=\"spacer.default\">\n\t\t\t\t\t\t\t<div class=\"elementor-spacer\">\n\t\t\t<div class=\"elementor-spacer-inner\"><\/div>\n\t\t<\/div>\n\t\t\t\t\t\t<\/div>\n\t\t\t\t<div class=\"elementor-element elementor-element-3bd2990a elementor-cta--layout-image-above elementor-cta--skin-classic elementor-animated-content elementor-bg-transform elementor-bg-transform-zoom-in elementor-widget elementor-widget-call-to-action\" data-id=\"3bd2990a\" data-element_type=\"widget\" data-e-type=\"widget\" data-widget_type=\"call-to-action.default\">\n\t\t\t\t\t\t\t<div class=\"elementor-cta\">\n\t\t\t\t\t\t\t<div class=\"elementor-cta__content\">\n\t\t\t\t\n\t\t\t\t\n\t\t\t\t\t\t\t\t\t<div class=\"elementor-cta__description elementor-cta__content-item elementor-content-item\">\n\t\t\t\t\t\tMontaje experto de vidrios de seguridad y grandes superficies acristaladas. Trabajamos la integraci\u00f3n del vidrio sobre sistemas de carpinter\u00eda de aluminio, asegurando un sellado \u00f3ptimo y una terminaci\u00f3n est\u00e9tica impecable.\t\t\t\t\t<\/div>\n\t\t\t\t\n\t\t\t\t\t\t\t<\/div>\n\t\t\t\t\t\t<\/div>\n\t\t\t\t\t\t<\/div>\n\t\t\t\t<\/div>\n\t\t<div class=\"elementor-element elementor-element-488b5629 animated-slow e-con-full e-flex elementor-invisible e-con e-child\" data-id=\"488b5629\" data-element_type=\"container\" data-e-type=\"container\" data-settings=\"{&quot;animation&quot;:&quot;fadeInUp&quot;,&quot;animation_delay&quot;:150}\">\n\t\t\t\t<div class=\"elementor-element elementor-element-3194e4c3 elementor-cta--layout-image-above elementor-cta--valign-bottom elementor-cta--skin-classic elementor-animated-content elementor-bg-transform elementor-bg-transform-zoom-in elementor-widget elementor-widget-call-to-action\" data-id=\"3194e4c3\" data-element_type=\"widget\" data-e-type=\"widget\" data-widget_type=\"call-to-action.default\">\n\t\t\t\t\t\t\t<div class=\"elementor-cta\">\n\t\t\t\t\t<div class=\"elementor-cta__bg-wrapper\">\n\t\t\t\t<div class=\"elementor-cta__bg elementor-bg\" style=\"background-image: url(https:\/\/montajeshicham.es\/wp-content\/uploads\/2026\/05\/WhatsApp-Image-2026-05-04-at-10.35.11-576x1024.jpeg);\" role=\"img\" aria-label=\"WhatsApp Image 2026-05-04 at 10.35.11\"><\/div>\n\t\t\t\t<div class=\"elementor-cta__bg-overlay\"><\/div>\n\t\t\t<\/div>\n\t\t\t\t\t\t\t<div class=\"elementor-cta__content\">\n\t\t\t\t\n\t\t\t\t\t\t\t\t\t<h2 class=\"elementor-cta__title elementor-cta__content-item elementor-content-item\">\n\t\t\t\t\t\tFACHADAS\t\t\t\t\t<\/h2>\n\t\t\t\t\n\t\t\t\t\n\t\t\t\t\t\t\t<\/div>\n\t\t\t\t\t\t<\/div>\n\t\t\t\t\t\t<\/div>\n\t\t\t\t<div class=\"elementor-element elementor-element-4807f6d1 elementor-widget__width-initial animated-slow elementor-invisible elementor-widget elementor-widget-spacer\" data-id=\"4807f6d1\" data-element_type=\"widget\" data-e-type=\"widget\" data-settings=\"{&quot;_animation&quot;:&quot;rotateInDownLeft&quot;}\" data-widget_type=\"spacer.default\">\n\t\t\t\t\t\t\t<div class=\"elementor-spacer\">\n\t\t\t<div class=\"elementor-spacer-inner\"><\/div>\n\t\t<\/div>\n\t\t\t\t\t\t<\/div>\n\t\t\t\t<div class=\"elementor-element elementor-element-1df1e96a elementor-cta--layout-image-above elementor-cta--skin-classic elementor-animated-content elementor-bg-transform elementor-bg-transform-zoom-in elementor-widget elementor-widget-call-to-action\" data-id=\"1df1e96a\" data-element_type=\"widget\" data-e-type=\"widget\" data-widget_type=\"call-to-action.default\">\n\t\t\t\t\t\t\t<div class=\"elementor-cta\">\n\t\t\t\t\t\t\t<div class=\"elementor-cta__content\">\n\t\t\t\t\n\t\t\t\t\n\t\t\t\t\t\t\t\t\t<div class=\"elementor-cta__description elementor-cta__content-item elementor-content-item\">\n\t\t\t\t\t\tEspecialistas en el montaje de fachadas ventiladas y revestimientos arquitect\u00f3nicos. Expertos en la manipulaci\u00f3n e instalaci\u00f3n de panel composite y bandejas de aluminio, logrando exteriores modernos con la m\u00e1xima precisi\u00f3n t\u00e9cnica.\t\t\t\t\t<\/div>\n\t\t\t\t\n\t\t\t\t\t\t\t<\/div>\n\t\t\t\t\t\t<\/div>\n\t\t\t\t\t\t<\/div>\n\t\t\t\t<\/div>\n\t\t<div class=\"elementor-element elementor-element-55cad1d3 animated-slow e-con-full e-flex elementor-invisible e-con e-child\" data-id=\"55cad1d3\" data-element_type=\"container\" data-e-type=\"container\" data-settings=\"{&quot;animation&quot;:&quot;fadeInUp&quot;,&quot;animation_delay&quot;:150}\">\n\t\t\t\t<div class=\"elementor-element elementor-element-227c267d elementor-cta--layout-image-above elementor-cta--valign-bottom elementor-cta--skin-classic elementor-animated-content elementor-bg-transform elementor-bg-transform-zoom-in elementor-widget elementor-widget-call-to-action\" data-id=\"227c267d\" data-element_type=\"widget\" data-e-type=\"widget\" data-widget_type=\"call-to-action.default\">\n\t\t\t\t\t\t\t<div class=\"elementor-cta\">\n\t\t\t\t\t<div class=\"elementor-cta__bg-wrapper\">\n\t\t\t\t<div class=\"elementor-cta__bg elementor-bg\" style=\"background-image: url(https:\/\/montajeshicham.es\/wp-content\/uploads\/2026\/04\/011101a5-e4da-422e-a08d-2b99d1bf479b-2026-04-29-1024x603.jpeg);\" role=\"img\" aria-label=\"011101a5-e4da-422e-a08d-2b99d1bf479b-2026-04-29\"><\/div>\n\t\t\t\t<div class=\"elementor-cta__bg-overlay\"><\/div>\n\t\t\t<\/div>\n\t\t\t\t\t\t\t<div class=\"elementor-cta__content\">\n\t\t\t\t\n\t\t\t\t\t\t\t\t\t<h2 class=\"elementor-cta__title elementor-cta__content-item elementor-content-item\">\n\t\t\t\t\t\tCARPINTER\u00cdA MET\u00c1LICA\t\t\t\t\t<\/h2>\n\t\t\t\t\n\t\t\t\t\n\t\t\t\t\t\t\t<\/div>\n\t\t\t\t\t\t<\/div>\n\t\t\t\t\t\t<\/div>\n\t\t\t\t<div class=\"elementor-element elementor-element-95fa5a4 elementor-widget__width-initial animated-slow elementor-invisible elementor-widget elementor-widget-spacer\" data-id=\"95fa5a4\" data-element_type=\"widget\" data-e-type=\"widget\" data-settings=\"{&quot;_animation&quot;:&quot;rotateInDownLeft&quot;}\" data-widget_type=\"spacer.default\">\n\t\t\t\t\t\t\t<div class=\"elementor-spacer\">\n\t\t\t<div class=\"elementor-spacer-inner\"><\/div>\n\t\t<\/div>\n\t\t\t\t\t\t<\/div>\n\t\t\t\t<div class=\"elementor-element elementor-element-3aa96d13 elementor-cta--layout-image-above elementor-cta--skin-classic elementor-animated-content elementor-bg-transform elementor-bg-transform-zoom-in elementor-widget elementor-widget-call-to-action\" data-id=\"3aa96d13\" data-element_type=\"widget\" data-e-type=\"widget\" data-widget_type=\"call-to-action.default\">\n\t\t\t\t\t\t\t<div class=\"elementor-cta\">\n\t\t\t\t\t\t\t<div class=\"elementor-cta__content\">\n\t\t\t\t\n\t\t\t\t\n\t\t\t\t\t\t\t\t\t<div class=\"elementor-cta__description elementor-cta__content-item elementor-content-item\">\n\t\t\t\t\t\tMontaje de carpinter\u00eda t\u00e9cnica de aluminio en obra nueva y reformas. Instalamos cerramientos, ventanas y estructuras ligeras de aluminio con un enfoque total en el ajuste perfecto y la durabilidad de los acabados.\t\t\t\t\t<\/div>\n\t\t\t\t\n\t\t\t\t\t\t\t<\/div>\n\t\t\t\t\t\t<\/div>\n\t\t\t\t\t\t<\/div>\n\t\t\t\t<\/div>\n\t\t\t\t<\/div>\n\t\t\t\t\t<\/div>\n\t\t\t\t<\/div>\n\t\t<div class=\"elementor-element elementor-element-359d384 e-flex e-con-boxed e-con e-parent\" data-id=\"359d384\" data-element_type=\"container\" data-e-type=\"container\" data-settings=\"{&quot;background_background&quot;:&quot;classic&quot;}\">\n\t\t\t\t\t<div class=\"e-con-inner\">\n\t\t\t\t<div class=\"elementor-element elementor-element-39063eb elementor-widget elementor-widget-heading\" data-id=\"39063eb\" data-element_type=\"widget\" data-e-type=\"widget\" data-widget_type=\"heading.default\">\n\t\t\t\t\t<h2 class=\"elementor-heading-title elementor-size-default\">\u00bfAlgo ha llamado tu atenci\u00f3n?<\/h2>\t\t\t\t<\/div>\n\t\t\t\t<div class=\"elementor-element elementor-element-921cefd elementor-widget elementor-widget-button\" data-id=\"921cefd\" data-element_type=\"widget\" data-e-type=\"widget\" data-widget_type=\"button.default\">\n\t\t\t\t\t\t\t\t\t\t<a class=\"elementor-button elementor-button-link elementor-size-sm\" href=\"https:\/\/montajeshicham.es\/eu\/contacto\/\">\n\t\t\t\t\t\t<span class=\"elementor-button-content-wrapper\">\n\t\t\t\t\t\t\t\t\t<span class=\"elementor-button-text\">Haz clic aqu\u00ed<\/span>\n\t\t\t\t\t<\/span>\n\t\t\t\t\t<\/a>\n\t\t\t\t\t\t\t\t<\/div>\n\t\t\t\t\t<\/div>\n\t\t\t\t<\/div>\n\t\t\t\t<\/div>","protected":false},"excerpt":{"rendered":"<p>Experiencia y precisi\u00f3n en metal NUESTROS SERVICIOS MONTAJE DE BARANDILLAS Instalaci\u00f3n especializada de sistemas de barandillas de aluminio y cristal. Nos centramos en la ejecuci\u00f3n t\u00e9cnica en obra, garantizando anclajes seguros y niveles perfectos para proyectos residenciales y comerciales. CRISTALES Montaje experto de vidrios de seguridad y grandes superficies acristaladas. Trabajamos la integraci\u00f3n del vidrio [&hellip;]<\/p>\n","protected":false},"author":1,"featured_media":0,"parent":0,"menu_order":0,"comment_status":"closed","ping_status":"closed","template":"elementor_canvas","meta":{"footnotes":""},"class_list":["post-13","page","type-page","status-publish","hentry"],"yoast_head":"<!-- This site is optimized with the Yoast SEO plugin v27.5 - https:\/\/yoast.com\/product\/yoast-seo-wordpress\/ -->\n<title>Servicio - Montajes hicham<\/title>\n<meta name=\"robots\" content=\"index, follow, max-snippet:-1, max-image-preview:large, max-video-preview:-1\" \/>\n<link rel=\"canonical\" href=\"https:\/\/montajeshicham.es\/eu\/servicio\/\" \/>\n<meta property=\"og:locale\" content=\"en_US\" \/>\n<meta property=\"og:type\" content=\"article\" \/>\n<meta property=\"og:title\" content=\"Servicio - Montajes hicham\" \/>\n<meta property=\"og:description\" content=\"Experiencia y precisi\u00f3n en metal NUESTROS SERVICIOS MONTAJE DE BARANDILLAS Instalaci\u00f3n especializada de sistemas de barandillas de aluminio y cristal. Nos centramos en la ejecuci\u00f3n t\u00e9cnica en obra, garantizando anclajes seguros y niveles perfectos para proyectos residenciales y comerciales. CRISTALES Montaje experto de vidrios de seguridad y grandes superficies acristaladas. Trabajamos la integraci\u00f3n del vidrio [&hellip;]\" \/>\n<meta property=\"og:url\" content=\"https:\/\/montajeshicham.es\/eu\/servicio\/\" \/>\n<meta property=\"og:site_name\" content=\"Montajes hicham\" \/>\n<meta property=\"article:modified_time\" content=\"2026-05-04T08:58:37+00:00\" \/>\n<meta name=\"twitter:card\" content=\"summary_large_image\" \/>\n<meta name=\"twitter:label1\" content=\"Est. reading time\" \/>\n\t<meta name=\"twitter:data1\" content=\"1 minutua\" \/>\n<script type=\"application\/ld+json\" class=\"yoast-schema-graph\">{\"@context\":\"https:\\\/\\\/schema.org\",\"@graph\":[{\"@type\":\"WebPage\",\"@id\":\"https:\\\/\\\/montajeshicham.es\\\/servicio\\\/\",\"url\":\"https:\\\/\\\/montajeshicham.es\\\/servicio\\\/\",\"name\":\"Servicio - Montajes hicham\",\"isPartOf\":{\"@id\":\"https:\\\/\\\/montajeshicham.es\\\/#website\"},\"datePublished\":\"2026-04-29T11:56:06+00:00\",\"dateModified\":\"2026-05-04T08:58:37+00:00\",\"breadcrumb\":{\"@id\":\"https:\\\/\\\/montajeshicham.es\\\/servicio\\\/#breadcrumb\"},\"inLanguage\":\"eu\",\"potentialAction\":[{\"@type\":\"ReadAction\",\"target\":[\"https:\\\/\\\/montajeshicham.es\\\/servicio\\\/\"]}]},{\"@type\":\"BreadcrumbList\",\"@id\":\"https:\\\/\\\/montajeshicham.es\\\/servicio\\\/#breadcrumb\",\"itemListElement\":[{\"@type\":\"ListItem\",\"position\":1,\"name\":\"Portada\",\"item\":\"https:\\\/\\\/montajeshicham.es\\\/\"},{\"@type\":\"ListItem\",\"position\":2,\"name\":\"Servicio\"}]},{\"@type\":\"WebSite\",\"@id\":\"https:\\\/\\\/montajeshicham.es\\\/#website\",\"url\":\"https:\\\/\\\/montajeshicham.es\\\/\",\"name\":\"Montajes hicham\",\"description\":\"\",\"publisher\":{\"@id\":\"https:\\\/\\\/montajeshicham.es\\\/#organization\"},\"potentialAction\":[{\"@type\":\"SearchAction\",\"target\":{\"@type\":\"EntryPoint\",\"urlTemplate\":\"https:\\\/\\\/montajeshicham.es\\\/?s={search_term_string}\"},\"query-input\":{\"@type\":\"PropertyValueSpecification\",\"valueRequired\":true,\"valueName\":\"search_term_string\"}}],\"inLanguage\":\"eu\"},{\"@type\":\"Organization\",\"@id\":\"https:\\\/\\\/montajeshicham.es\\\/#organization\",\"name\":\"Montajes hicham\",\"url\":\"https:\\\/\\\/montajeshicham.es\\\/\",\"logo\":{\"@type\":\"ImageObject\",\"inLanguage\":\"eu\",\"@id\":\"https:\\\/\\\/montajeshicham.es\\\/#\\\/schema\\\/logo\\\/image\\\/\",\"url\":\"https:\\\/\\\/montajeshicham.es\\\/wp-content\\\/uploads\\\/2026\\\/04\\\/cropped-Diseno-sin-titulo-1.png\",\"contentUrl\":\"https:\\\/\\\/montajeshicham.es\\\/wp-content\\\/uploads\\\/2026\\\/04\\\/cropped-Diseno-sin-titulo-1.png\",\"width\":1997,\"height\":859,\"caption\":\"Montajes hicham\"},\"image\":{\"@id\":\"https:\\\/\\\/montajeshicham.es\\\/#\\\/schema\\\/logo\\\/image\\\/\"}}]}<\/script>\n<!-- \/ Yoast SEO plugin. -->","yoast_head_json":{"title":"Servicio - Montajes hicham","robots":{"index":"index","follow":"follow","max-snippet":"max-snippet:-1","max-image-preview":"max-image-preview:large","max-video-preview":"max-video-preview:-1"},"canonical":"https:\/\/montajeshicham.es\/eu\/servicio\/","og_locale":"en_US","og_type":"article","og_title":"Servicio - Montajes hicham","og_description":"Experiencia y precisi\u00f3n en metal NUESTROS SERVICIOS MONTAJE DE BARANDILLAS Instalaci\u00f3n especializada de sistemas de barandillas de aluminio y cristal. Nos centramos en la ejecuci\u00f3n t\u00e9cnica en obra, garantizando anclajes seguros y niveles perfectos para proyectos residenciales y comerciales. CRISTALES Montaje experto de vidrios de seguridad y grandes superficies acristaladas. Trabajamos la integraci\u00f3n del vidrio [&hellip;]","og_url":"https:\/\/montajeshicham.es\/eu\/servicio\/","og_site_name":"Montajes hicham","article_modified_time":"2026-05-04T08:58:37+00:00","twitter_card":"summary_large_image","twitter_misc":{"Est. reading time":"1 minutua"},"schema":{"@context":"https:\/\/schema.org","@graph":[{"@type":"WebPage","@id":"https:\/\/montajeshicham.es\/servicio\/","url":"https:\/\/montajeshicham.es\/servicio\/","name":"Servicio - Montajes hicham","isPartOf":{"@id":"https:\/\/montajeshicham.es\/#website"},"datePublished":"2026-04-29T11:56:06+00:00","dateModified":"2026-05-04T08:58:37+00:00","breadcrumb":{"@id":"https:\/\/montajeshicham.es\/servicio\/#breadcrumb"},"inLanguage":"eu","potentialAction":[{"@type":"ReadAction","target":["https:\/\/montajeshicham.es\/servicio\/"]}]},{"@type":"BreadcrumbList","@id":"https:\/\/montajeshicham.es\/servicio\/#breadcrumb","itemListElement":[{"@type":"ListItem","position":1,"name":"Portada","item":"https:\/\/montajeshicham.es\/"},{"@type":"ListItem","position":2,"name":"Servicio"}]},{"@type":"WebSite","@id":"https:\/\/montajeshicham.es\/#website","url":"https:\/\/montajeshicham.es\/","name":"Montajes hicham","description":"","publisher":{"@id":"https:\/\/montajeshicham.es\/#organization"},"potentialAction":[{"@type":"SearchAction","target":{"@type":"EntryPoint","urlTemplate":"https:\/\/montajeshicham.es\/?s={search_term_string}"},"query-input":{"@type":"PropertyValueSpecification","valueRequired":true,"valueName":"search_term_string"}}],"inLanguage":"eu"},{"@type":"Organization","@id":"https:\/\/montajeshicham.es\/#organization","name":"Montajes hicham","url":"https:\/\/montajeshicham.es\/","logo":{"@type":"ImageObject","inLanguage":"eu","@id":"https:\/\/montajeshicham.es\/#\/schema\/logo\/image\/","url":"https:\/\/montajeshicham.es\/wp-content\/uploads\/2026\/04\/cropped-Diseno-sin-titulo-1.png","contentUrl":"https:\/\/montajeshicham.es\/wp-content\/uploads\/2026\/04\/cropped-Diseno-sin-titulo-1.png","width":1997,"height":859,"caption":"Montajes hicham"},"image":{"@id":"https:\/\/montajeshicham.es\/#\/schema\/logo\/image\/"}}]}},"_links":{"self":[{"href":"https:\/\/montajeshicham.es\/eu\/wp-json\/wp\/v2\/pages\/13","targetHints":{"allow":["GET"]}}],"collection":[{"href":"https:\/\/montajeshicham.es\/eu\/wp-json\/wp\/v2\/pages"}],"about":[{"href":"https:\/\/montajeshicham.es\/eu\/wp-json\/wp\/v2\/types\/page"}],"author":[{"embeddable":true,"href":"https:\/\/montajeshicham.es\/eu\/wp-json\/wp\/v2\/users\/1"}],"replies":[{"embeddable":true,"href":"https:\/\/montajeshicham.es\/eu\/wp-json\/wp\/v2\/comments?post=13"}],"version-history":[{"count":85,"href":"https:\/\/montajeshicham.es\/eu\/wp-json\/wp\/v2\/pages\/13\/revisions"}],"predecessor-version":[{"id":387,"href":"https:\/\/montajeshicham.es\/eu\/wp-json\/wp\/v2\/pages\/13\/revisions\/387"}],"wp:attachment":[{"href":"https:\/\/montajeshicham.es\/eu\/wp-json\/wp\/v2\/media?parent=13"}],"curies":[{"name":"wp","href":"https:\/\/api.w.org\/{rel}","templated":true}]}}